{"id":87,"date":"2017-07-27T14:58:20","date_gmt":"2017-07-27T12:58:20","guid":{"rendered":"http:\/\/www.sebastianludwig.net\/?page_id=87"},"modified":"2017-11-23T14:36:15","modified_gmt":"2017-11-23T13:36:15","slug":"home-studio","status":"publish","type":"page","link":"http:\/\/www.sebastianludwig.net\/?page_id=87","title":{"rendered":"Home &#038; Studio"},"content":{"rendered":"<h6>Live-Studio<\/h6>\n<div id='gallery-1' class='gallery galleryid-87 gallery-columns-3 gallery-size-medium'><figure class='gallery-item'>\n\t\t\t<div class='gallery-icon landscape'>\n\t\t\t\t<a href='http:\/\/www.sebastianludwig.net\/wp-content\/uploads\/2017\/11\/IMG_1043.jpg' title=\"\" data-rl_title=\"\" class=\"rl-gallery-link\" data-rl_caption=\"\" data-rel=\"lightbox-gallery-1\"><img width=\"300\" height=\"200\" src=\"http:\/\/www.sebastianludwig.net\/wp-content\/uploads\/2017\/11\/IMG_1043-300x200.jpg\" class=\"attachment-medium size-medium\" alt=\"\" loading=\"lazy\" srcset=\"http:\/\/www.sebastianludwig.net\/wp-content\/uploads\/2017\/11\/IMG_1043-300x200.jpg 300w, http:\/\/www.sebastianludwig.net\/wp-content\/uploads\/2017\/11\/IMG_1043-768x512.jpg 768w, http:\/\/www.sebastianludwig.net\/wp-content\/uploads\/2017\/11\/IMG_1043-450x300.jpg 450w, http:\/\/www.sebastianludwig.net\/wp-content\/uploads\/2017\/11\/IMG_1043.jpg 855w\" sizes=\"(max-width: 300px) 100vw, 300px\" \/><\/a>\n\t\t\t<\/div><\/figure><figure class='gallery-item'>\n\t\t\t<div class='gallery-icon landscape'>\n\t\t\t\t<a href='http:\/\/www.sebastianludwig.net\/wp-content\/uploads\/2017\/11\/IMG_1042.jpg' title=\"\" data-rl_title=\"\" class=\"rl-gallery-link\" data-rl_caption=\"\" data-rel=\"lightbox-gallery-1\"><img width=\"300\" height=\"200\" src=\"http:\/\/www.sebastianludwig.net\/wp-content\/uploads\/2017\/11\/IMG_1042-300x200.jpg\" class=\"attachment-medium size-medium\" alt=\"\" loading=\"lazy\" srcset=\"http:\/\/www.sebastianludwig.net\/wp-content\/uploads\/2017\/11\/IMG_1042-300x200.jpg 300w, http:\/\/www.sebastianludwig.net\/wp-content\/uploads\/2017\/11\/IMG_1042-768x512.jpg 768w, http:\/\/www.sebastianludwig.net\/wp-content\/uploads\/2017\/11\/IMG_1042-450x300.jpg 450w, http:\/\/www.sebastianludwig.net\/wp-content\/uploads\/2017\/11\/IMG_1042.jpg 855w\" sizes=\"(max-width: 300px) 100vw, 300px\" \/><\/a>\n\t\t\t<\/div><\/figure>\n\t\t<\/div>\n\n<p>Mein\u00a0soundoptimierter Aufnahmeraum ist, neben einem noblen Proben- oder Projektraum,\u00a0der perfekte Arbeitsbereich f\u00fcr Bands f\u00fcr bis zu 5 Musiker, die am liebsten in einer Live-Umgebung aufnehmen.\u00a0 Ich erreiche aber auch hervorragende Ergebnisse f\u00fcr H\u00f6rbuchsprecher, Overdubs, oder sonstige Arbeiten<\/p>\n<h6>Recording @ Home<\/h6>\n<p>Die moderne Technik hat es m\u00f6glich gemacht, dass man in den eigenen vier W\u00e4nden mit gen\u00fcgend Kenntnis auch schon Aufnahmen erstellen kann, die den Vergleich mit Aufnahmen im Studio nicht zu scheuen haben. Auf Wunsch berate ich gerne vor Ort und f\u00fchre Projekte in der Wohlf\u00fchlumgebung der eigenen vier W\u00e4nde durch.<\/p>\n<p>&nbsp;<\/p>\n","protected":false},"excerpt":{"rendered":"<p>Live-Studio Mein\u00a0soundoptimierter Aufnahmeraum ist, neben einem noblen Proben- oder Projektraum,\u00a0der perfekte Arbeitsbereich f\u00fcr Bands f\u00fcr bis zu 5 Musiker, die am liebsten in einer Live-Umgebung aufnehmen.\u00a0 Ich erreiche aber auch hervorragende Ergebnisse f\u00fcr H\u00f6rbuchsprecher, Overdubs, oder sonstige Arbeiten Recording @ Home Die moderne Technik hat es m\u00f6glich gemacht, dass man in den eigenen vier W\u00e4nden&#8230; <\/p>\n<div class=\"link-more\"><a href=\"http:\/\/www.sebastianludwig.net\/?page_id=87\">Weiterlesen<\/a><\/div>\n","protected":false},"author":1,"featured_media":0,"parent":28,"menu_order":0,"comment_status":"closed","ping_status":"closed","template":"","meta":[],"_links":{"self":[{"href":"http:\/\/www.sebastianludwig.net\/index.php?rest_route=\/wp\/v2\/pages\/87"}],"collection":[{"href":"http:\/\/www.sebastianludwig.net\/index.php?rest_route=\/wp\/v2\/pages"}],"about":[{"href":"http:\/\/www.sebastianludwig.net\/index.php?rest_route=\/wp\/v2\/types\/page"}],"author":[{"embeddable":true,"href":"http:\/\/www.sebastianludwig.net\/index.php?rest_route=\/wp\/v2\/users\/1"}],"replies":[{"embeddable":true,"href":"http:\/\/www.sebastianludwig.net\/index.php?rest_route=%2Fwp%2Fv2%2Fcomments&post=87"}],"version-history":[{"count":4,"href":"http:\/\/www.sebastianludwig.net\/index.php?rest_route=\/wp\/v2\/pages\/87\/revisions"}],"predecessor-version":[{"id":177,"href":"http:\/\/www.sebastianludwig.net\/index.php?rest_route=\/wp\/v2\/pages\/87\/revisions\/177"}],"up":[{"embeddable":true,"href":"http:\/\/www.sebastianludwig.net\/index.php?rest_route=\/wp\/v2\/pages\/28"}],"wp:attachment":[{"href":"http:\/\/www.sebastianludwig.net\/index.php?rest_route=%2Fwp%2Fv2%2Fmedia&parent=87"}],"curies":[{"name":"wp","href":"https:\/\/api.w.org\/{rel}","templated":true}]}}