{"id":32,"date":"2017-07-27T11:08:26","date_gmt":"2017-07-27T09:08:26","guid":{"rendered":"http:\/\/www.sebastianludwig.net\/?page_id=32"},"modified":"2018-01-04T12:45:08","modified_gmt":"2018-01-04T11:45:08","slug":"video","status":"publish","type":"page","link":"http:\/\/www.sebastianludwig.net\/?page_id=32","title":{"rendered":"Video"},"content":{"rendered":"<p>Ich arbeite haupts\u00e4chlich im Bereich Musikvideos und Imagefilme und \u00fcbernehme &#8211; je nach Kundenwunsch &#8211; entweder nur eine beratende T\u00e4tigkeit oder f\u00fclle die Positionen des Produzenten, Regisseurs und\/oder Editors.<\/p>\n<p><strong>Development \/ Pre-Production:<\/strong><\/p>\n<p>Ich unterst\u00fctze meine Kunden bei folgenden T\u00e4tigkeiten:<\/p>\n<ul>\n<li>Konzepterstellung und Zeitplan<\/li>\n<li>Budgetierung\/Versicherungen<\/li>\n<li>Script\/Storyboards<\/li>\n<li>Location Scouting<\/li>\n<li>Vertragsangelegenheiten<\/li>\n<li>Casting wenn n\u00f6tig<\/li>\n<li>Zusammenstellung und Buchen von Externen (Film Crew, Catering usw.)<\/li>\n<\/ul>\n<div id='gallery-1' class='gallery galleryid-32 gallery-columns-3 gallery-size-thumbnail'><figure class='gallery-item'>\n\t\t\t<div class='gallery-icon landscape'>\n\t\t\t\t<a href='http:\/\/www.sebastianludwig.net\/wp-content\/uploads\/2017\/07\/hall-1929422_1920.jpg' title=\"\" data-rl_title=\"\" class=\"rl-gallery-link\" data-rl_caption=\"\" data-rel=\"lightbox-gallery-1\"><img width=\"150\" height=\"150\" src=\"http:\/\/www.sebastianludwig.net\/wp-content\/uploads\/2017\/07\/hall-1929422_1920-150x150.jpg\" class=\"attachment-thumbnail size-thumbnail\" alt=\"\" loading=\"lazy\" aria-describedby=\"gallery-1-142\" \/><\/a>\n\t\t\t<\/div>\n\t\t\t\t<figcaption class='wp-caption-text gallery-caption' id='gallery-1-142'>\n\t\t\t\tLocation-Scouting\n\t\t\t\t<\/figcaption><\/figure><figure class='gallery-item'>\n\t\t\t<div class='gallery-icon landscape'>\n\t\t\t\t<a href='http:\/\/www.sebastianludwig.net\/wp-content\/uploads\/2017\/07\/Aufnahme8.jpg' title=\"\" data-rl_title=\"\" class=\"rl-gallery-link\" data-rl_caption=\"\" data-rel=\"lightbox-gallery-1\"><img width=\"150\" height=\"150\" src=\"http:\/\/www.sebastianludwig.net\/wp-content\/uploads\/2017\/07\/Aufnahme8-150x150.jpg\" class=\"attachment-thumbnail size-thumbnail\" alt=\"\" loading=\"lazy\" aria-describedby=\"gallery-1-105\" \/><\/a>\n\t\t\t<\/div>\n\t\t\t\t<figcaption class='wp-caption-text gallery-caption' id='gallery-1-105'>\n\t\t\t\tLocation-Scouting\n\t\t\t\t<\/figcaption><\/figure><figure class='gallery-item'>\n\t\t\t<div class='gallery-icon landscape'>\n\t\t\t\t<a href='http:\/\/www.sebastianludwig.net\/wp-content\/uploads\/2017\/07\/wood-2030879_1920.jpg' title=\"\" data-rl_title=\"\" class=\"rl-gallery-link\" data-rl_caption=\"\" data-rel=\"lightbox-gallery-1\"><img width=\"150\" height=\"150\" src=\"http:\/\/www.sebastianludwig.net\/wp-content\/uploads\/2017\/07\/wood-2030879_1920-150x150.jpg\" class=\"attachment-thumbnail size-thumbnail\" alt=\"\" loading=\"lazy\" aria-describedby=\"gallery-1-143\" \/><\/a>\n\t\t\t<\/div>\n\t\t\t\t<figcaption class='wp-caption-text gallery-caption' id='gallery-1-143'>\n\t\t\t\tLocation-Scouting\n\t\t\t\t<\/figcaption><\/figure>\n\t\t<\/div>\n\n<p><strong>Production:<\/strong><\/p>\n<p>Auf Kundenwunsch nehme ich am Set eine beratenden Funktion ein oder erf\u00fclle die Aufgaben eines<\/p>\n<ul>\n<li>Regisseurs<\/li>\n<li>ADs<\/li>\n<li>Script Supervisor<\/li>\n<\/ul>\n<div id='gallery-2' class='gallery galleryid-32 gallery-columns-3 gallery-size-thumbnail'><figure class='gallery-item'>\n\t\t\t<div class='gallery-icon landscape'>\n\t\t\t\t<a href='http:\/\/www.sebastianludwig.net\/wp-content\/uploads\/2017\/07\/IMG_5726.jpg' title=\"\" data-rl_title=\"\" class=\"rl-gallery-link\" data-rl_caption=\"\" data-rel=\"lightbox-gallery-2\"><img width=\"150\" height=\"150\" src=\"http:\/\/www.sebastianludwig.net\/wp-content\/uploads\/2017\/07\/IMG_5726-150x150.jpg\" class=\"attachment-thumbnail size-thumbnail\" alt=\"\" loading=\"lazy\" \/><\/a>\n\t\t\t<\/div><\/figure><figure class='gallery-item'>\n\t\t\t<div class='gallery-icon landscape'>\n\t\t\t\t<a href='http:\/\/www.sebastianludwig.net\/wp-content\/uploads\/2017\/07\/IMG_5776.jpg' title=\"\" data-rl_title=\"\" class=\"rl-gallery-link\" data-rl_caption=\"\" data-rel=\"lightbox-gallery-2\"><img width=\"150\" height=\"150\" src=\"http:\/\/www.sebastianludwig.net\/wp-content\/uploads\/2017\/07\/IMG_5776-150x150.jpg\" class=\"attachment-thumbnail size-thumbnail\" alt=\"\" loading=\"lazy\" aria-describedby=\"gallery-2-136\" \/><\/a>\n\t\t\t<\/div>\n\t\t\t\t<figcaption class='wp-caption-text gallery-caption' id='gallery-2-136'>\n\t\t\t\tBild vom Set\n\t\t\t\t<\/figcaption><\/figure>\n\t\t<\/div>\n\n<p><strong>Post-Pr<\/strong><strong>oduction<\/strong>:<\/p>\n<p>F\u00fcr gew\u00f6hnlich nehme ich in dieser Phase folgende T\u00e4tigkeiten war:<\/p>\n<ul>\n<li>Film- und Soundediting (ich arbeite haupts\u00e4chlich mit Final Cut Pro X)<\/li>\n<li>Erstellung von Making-Ofs und\/oder Outtakes<\/li>\n<li>Nachvertonung<\/li>\n<li>Release<\/li>\n<\/ul>\n<p>Je nach Bedarf kann man mich also nur f\u00fcr einzelne Aufgaben buchen, oder mich mit der kompletten Erstellung eines Videos beauftragen, alles aus einer Hand!<\/p>\n","protected":false},"excerpt":{"rendered":"<p>Ich arbeite haupts\u00e4chlich im Bereich Musikvideos und Imagefilme und \u00fcbernehme &#8211; je nach Kundenwunsch &#8211; entweder nur eine beratende T\u00e4tigkeit oder f\u00fclle die Positionen des Produzenten, Regisseurs und\/oder Editors. Development \/ Pre-Production: Ich unterst\u00fctze meine Kunden bei folgenden T\u00e4tigkeiten: Konzepterstellung und Zeitplan Budgetierung\/Versicherungen Script\/Storyboards Location Scouting Vertragsangelegenheiten Casting wenn n\u00f6tig Zusammenstellung und Buchen von Externen&#8230; <\/p>\n<div class=\"link-more\"><a href=\"http:\/\/www.sebastianludwig.net\/?page_id=32\">Weiterlesen<\/a><\/div>\n","protected":false},"author":1,"featured_media":0,"parent":0,"menu_order":5,"comment_status":"closed","ping_status":"closed","template":"","meta":[],"_links":{"self":[{"href":"http:\/\/www.sebastianludwig.net\/index.php?rest_route=\/wp\/v2\/pages\/32"}],"collection":[{"href":"http:\/\/www.sebastianludwig.net\/index.php?rest_route=\/wp\/v2\/pages"}],"about":[{"href":"http:\/\/www.sebastianludwig.net\/index.php?rest_route=\/wp\/v2\/types\/page"}],"author":[{"embeddable":true,"href":"http:\/\/www.sebastianludwig.net\/index.php?rest_route=\/wp\/v2\/users\/1"}],"replies":[{"embeddable":true,"href":"http:\/\/www.sebastianludwig.net\/index.php?rest_route=%2Fwp%2Fv2%2Fcomments&post=32"}],"version-history":[{"count":10,"href":"http:\/\/www.sebastianludwig.net\/index.php?rest_route=\/wp\/v2\/pages\/32\/revisions"}],"predecessor-version":[{"id":185,"href":"http:\/\/www.sebastianludwig.net\/index.php?rest_route=\/wp\/v2\/pages\/32\/revisions\/185"}],"wp:attachment":[{"href":"http:\/\/www.sebastianludwig.net\/index.php?rest_route=%2Fwp%2Fv2%2Fmedia&parent=32"}],"curies":[{"name":"wp","href":"https:\/\/api.w.org\/{rel}","templated":true}]}}