{"id":2,"date":"2017-07-27T08:55:11","date_gmt":"2017-07-27T06:55:11","guid":{"rendered":"http:\/\/www.sebastianludwig.net\/?page_id=2"},"modified":"2018-01-10T10:40:23","modified_gmt":"2018-01-10T09:40:23","slug":"beispiel-seite","status":"publish","type":"page","link":"http:\/\/www.sebastianludwig.net\/?page_id=2","title":{"rendered":"Vita"},"content":{"rendered":"<p>Ich wurde\u00a0im M\u00e4rz 1979 in Rosenheim, einer damals knapp \u00fcber 50.000 Einwohner fassenden Stadt im wundersch\u00f6nen Oberbayern geboren,\u00a0 wuchs in einem sehr musikalischen Elternhaus auf und habe aus eigenem Wunsch und zum\u00a0akustischen Leid meiner Eltern mit 6 Jahren begonnen, Geige zu lernen, welche ich bis zu meinen 14. Lebensjahr nicht gerade meistern konnte. Dies war wohl in erster Linie meiner eigenen Faulheit geschuldet.<\/p>\n<p>Da sich in meinen Teenager-Jahren mein Musikgeschmack endg\u00fcltig auf Hard Rock und NWOBHM festzulegen schien, war ein Wechsel des Instruments die logische Schlussfolgerung. Meine erste Pr\u00e4ferenz w\u00e4re aufgrund der Vorbilder Duff McKagan (Guns N Roses) und Steve Harris (Iron\u00a0Maiden)\u00a0der E-Bass gewesen, dies hat sich aber aufgrund mangelnder &#8222;Mitspielgelegenheiten&#8220; und\u00a0nicht vorhandener Lehrer\u00a0nicht als praktisch erwiesen. Kurz nach meinem Wechsel zur E-Gitarre spielte ich dann lustigerweise\u00a0kurzzeitig in der Schulband (welche keinen festen Bassisten hatte) mit. Aufgrund meiner musikalischen Vorbelastung konnte ich nach einem halben Jahr intensiven \u00dcbens (das meiste habe ich mir autodidaktisch beigebracht) ganz ordentlich begleiten. Nach ein paar Einf\u00fchrungen in die Bluestonleiter und die Pentatonik konnte ich dann auch recht anst\u00e4ndig solieren. Der E-Bass blieb aber immer meine erste Liebe, welche ich nie ganz aufgegeben habe.<\/p>\n<p>Noch w\u00e4hrend meiner Schulzeit hatte ich 1996\u00a0den ersten Kontakt zu anderen Musikern, mit denen ich dann eine Band gegr\u00fcndet habe, die nach langem hin- und her dann den Namen &#8222;Lost N Found&#8220; trug. Nach mehreren Jahren im Probenraum im 5000-Seelen-Dorf Gro\u00dfkarolinenfeld und diversen Besetzungswechseln (anfangs hatten wir noch keinen Bassisten und unser Schlagzeuger hatte einen recht hohen S\u00e4ngerinnenverschlei\u00df) konnten wir allen Widrigkeiten zum Trotz zwischen 2000 und 2004 doch zwanzig sehr gute Auftritte &#8211; davon auch im Ausland &#8211; absolvieren. Die Zeit mit Lost &amp; Found hat viel Spa\u00df gemacht.<\/p>\n<p>2004 habe ich dann das erste Mal bei der Partyband &#8222;Katzoff&#8220; ausgeholfen, dies hat sich nach der Faschingssaison in eine feste Anstellung entwickelt, die ersten 2 Jahre ausschlie\u00dflich am Gesang, sp\u00e4ter war ich dann nach dem Ausscheiden des damaligen Saitenzupfers auch der alleinige Gitarrist mit 15-20 Auftritten im Jahr. In diesen Jahren habe ich sehr viel \u00fcber andere Musikstile gelernt, hatte ich doch vorher fast ausschlie\u00dflich nur mit Hard Rock zu tun. Auch hatte ich das erste Mal Erfahrungen mit ProTools und Videoschnittsoftware und habe mein erstes Live-Video f\u00fcr die Band produziert, mit jedem Schnickschnack den man sich vorstellen kann: 4fach Splitscreen, Zeitraffer, Zeitlupe, Filter usw. Als die damaligen Gesellschafter 2009 musikalisch andere Wege einschlugen, wollte ich die Band urspr\u00fcnglich weiterf\u00fchren, habe\u00a0mich dann aber dagegen entschlossen.<\/p>\n<div id='gallery-1' class='gallery galleryid-2 gallery-columns-4 gallery-size-thumbnail'><figure class='gallery-item'>\n\t\t\t<div class='gallery-icon landscape'>\n\t\t\t\t<a href='http:\/\/www.sebastianludwig.net\/wp-content\/uploads\/2017\/07\/IMG_3342.jpg' title=\"\" data-rl_title=\"\" class=\"rl-gallery-link\" data-rl_caption=\"\" data-rel=\"lightbox-gallery-1\"><img width=\"150\" height=\"150\" src=\"http:\/\/www.sebastianludwig.net\/wp-content\/uploads\/2017\/07\/IMG_3342-150x150.jpg\" class=\"attachment-thumbnail size-thumbnail\" alt=\"\" loading=\"lazy\" \/><\/a>\n\t\t\t<\/div><\/figure><figure class='gallery-item'>\n\t\t\t<div class='gallery-icon landscape'>\n\t\t\t\t<a href='http:\/\/www.sebastianludwig.net\/wp-content\/uploads\/2017\/07\/PICT0038.jpg' title=\"\" data-rl_title=\"\" class=\"rl-gallery-link\" data-rl_caption=\"\" data-rel=\"lightbox-gallery-1\"><img width=\"150\" height=\"150\" src=\"http:\/\/www.sebastianludwig.net\/wp-content\/uploads\/2017\/07\/PICT0038-150x150.jpg\" class=\"attachment-thumbnail size-thumbnail\" alt=\"\" loading=\"lazy\" srcset=\"http:\/\/www.sebastianludwig.net\/wp-content\/uploads\/2017\/07\/PICT0038-150x150.jpg 150w, http:\/\/www.sebastianludwig.net\/wp-content\/uploads\/2017\/07\/PICT0038-960x960.jpg 960w\" sizes=\"(max-width: 150px) 100vw, 150px\" \/><\/a>\n\t\t\t<\/div><\/figure><figure class='gallery-item'>\n\t\t\t<div class='gallery-icon landscape'>\n\t\t\t\t<a href='http:\/\/www.sebastianludwig.net\/wp-content\/uploads\/2017\/07\/IMG_7496-1.jpg' title=\"\" data-rl_title=\"\" class=\"rl-gallery-link\" data-rl_caption=\"\" data-rel=\"lightbox-gallery-1\"><img width=\"150\" height=\"150\" src=\"http:\/\/www.sebastianludwig.net\/wp-content\/uploads\/2017\/07\/IMG_7496-1-150x150.jpg\" class=\"attachment-thumbnail size-thumbnail\" alt=\"\" loading=\"lazy\" \/><\/a>\n\t\t\t<\/div><\/figure><figure class='gallery-item'>\n\t\t\t<div class='gallery-icon portrait'>\n\t\t\t\t<a href='http:\/\/www.sebastianludwig.net\/wp-content\/uploads\/2017\/07\/IMG_0379.jpg' title=\"\" data-rl_title=\"\" class=\"rl-gallery-link\" data-rl_caption=\"\" data-rel=\"lightbox-gallery-1\"><img width=\"150\" height=\"150\" src=\"http:\/\/www.sebastianludwig.net\/wp-content\/uploads\/2017\/07\/IMG_0379-150x150.jpg\" class=\"attachment-thumbnail size-thumbnail\" alt=\"\" loading=\"lazy\" \/><\/a>\n\t\t\t<\/div><\/figure><figure class='gallery-item'>\n\t\t\t<div class='gallery-icon landscape'>\n\t\t\t\t<a href='http:\/\/www.sebastianludwig.net\/wp-content\/uploads\/2017\/07\/IMG_2272-1.jpg' title=\"\" data-rl_title=\"\" class=\"rl-gallery-link\" data-rl_caption=\"\" data-rel=\"lightbox-gallery-1\"><img width=\"150\" height=\"150\" src=\"http:\/\/www.sebastianludwig.net\/wp-content\/uploads\/2017\/07\/IMG_2272-1-150x150.jpg\" class=\"attachment-thumbnail size-thumbnail\" alt=\"\" loading=\"lazy\" \/><\/a>\n\t\t\t<\/div><\/figure><figure class='gallery-item'>\n\t\t\t<div class='gallery-icon landscape'>\n\t\t\t\t<a href='http:\/\/www.sebastianludwig.net\/wp-content\/uploads\/2017\/07\/IMG_7326.jpg' title=\"\" data-rl_title=\"\" class=\"rl-gallery-link\" data-rl_caption=\"\" data-rel=\"lightbox-gallery-1\"><img width=\"150\" height=\"150\" src=\"http:\/\/www.sebastianludwig.net\/wp-content\/uploads\/2017\/07\/IMG_7326-150x150.jpg\" class=\"attachment-thumbnail size-thumbnail\" alt=\"\" loading=\"lazy\" \/><\/a>\n\t\t\t<\/div><\/figure><figure class='gallery-item'>\n\t\t\t<div class='gallery-icon landscape'>\n\t\t\t\t<a href='http:\/\/www.sebastianludwig.net\/wp-content\/uploads\/2017\/07\/IMG_9421.jpg' title=\"\" data-rl_title=\"\" class=\"rl-gallery-link\" data-rl_caption=\"\" data-rel=\"lightbox-gallery-1\"><img width=\"150\" height=\"150\" src=\"http:\/\/www.sebastianludwig.net\/wp-content\/uploads\/2017\/07\/IMG_9421-150x150.jpg\" class=\"attachment-thumbnail size-thumbnail\" alt=\"\" loading=\"lazy\" \/><\/a>\n\t\t\t<\/div><\/figure><figure class='gallery-item'>\n\t\t\t<div class='gallery-icon landscape'>\n\t\t\t\t<a href='http:\/\/www.sebastianludwig.net\/wp-content\/uploads\/2017\/07\/IMG_8250.jpg' title=\"\" data-rl_title=\"\" class=\"rl-gallery-link\" data-rl_caption=\"\" data-rel=\"lightbox-gallery-1\"><img width=\"150\" height=\"150\" src=\"http:\/\/www.sebastianludwig.net\/wp-content\/uploads\/2017\/07\/IMG_8250-150x150.jpg\" class=\"attachment-thumbnail size-thumbnail\" alt=\"\" loading=\"lazy\" \/><\/a>\n\t\t\t<\/div><\/figure>\n\t\t<\/div>\n\n<p>Zum Ende des ersten Jahrzehnts der 2000er hatte sich die Coverbandszene gewandelt. Kaum ein Veranstalter wollte sich noch halbwegs anst\u00e4ndige Gagen f\u00fcr nicht ganz so gro\u00dfe Bands leisten und nach 15 Jahren im Gesch\u00e4ft stellte fast jeder Musiker fest, dass man zwar selber \u00e4lter wird, das Publikum jedoch immer jung bleibt. Die aktuelle Musik war &#8211; abgesehen davon, dass sie uns auch nicht gefiel &#8211; kaum mehr mit konventionellen Instrumenten nachzuspielen. Kaum noch Gitarren, daf\u00fcr Samples, Beats, Pads&#8230;. f\u00fcr uns als Musiker v\u00f6llig uninteressant. Vermehrt setzten &#8211; vielleicht auch aus diesem Grund &#8211; die Veranstalter auch mehr auf DJs als auf Bands.<\/p>\n<p>Nach einem kurzen Kanada-Aufenthalt gr\u00fcndete ich 2009 die Galaband &#8222;Vancouver Nights&#8220;, mit zwischen 20 &#8211; 30 Auftritten im Jahr. Dar\u00fcberhinaus produziere ich seit 2008 Demo- und Liveaufnahmen f\u00fcr die bayerische Coverrockszene und f\u00fchre Regie bei Imagefilmen und Musikvideos. Nach meinem Einstieg 2013 in die Blues- und Jazzband &#8222;LifveChords&#8220; produzierte ich f\u00fcr diese Band die erste kommerzielle CD &#8222;Sentimental Journey&#8220; und bin einer der prim\u00e4ren Songschreiber der Band. In beiden Bands trete ich als Gitarrist und S\u00e4nger auf. Meine erste Liebe, den E-Bass, habe ich jedoch nie aufgegeben und spiele &#8211; wenn auch selten &#8211; zu mindestens bei 1-2 Bands aushilfsweise Bassgitarre.<\/p>\n","protected":false},"excerpt":{"rendered":"<p>Ich wurde\u00a0im M\u00e4rz 1979 in Rosenheim, einer damals knapp \u00fcber 50.000 Einwohner fassenden Stadt im wundersch\u00f6nen Oberbayern geboren,\u00a0 wuchs in einem sehr musikalischen Elternhaus auf und habe aus eigenem Wunsch und zum\u00a0akustischen Leid meiner Eltern mit 6 Jahren begonnen, Geige zu lernen, welche ich bis zu meinen 14. Lebensjahr nicht gerade meistern konnte. Dies war&#8230; <\/p>\n<div class=\"link-more\"><a href=\"http:\/\/www.sebastianludwig.net\/?page_id=2\">Weiterlesen<\/a><\/div>\n","protected":false},"author":1,"featured_media":0,"parent":0,"menu_order":2,"comment_status":"closed","ping_status":"open","template":"","meta":[],"_links":{"self":[{"href":"http:\/\/www.sebastianludwig.net\/index.php?rest_route=\/wp\/v2\/pages\/2"}],"collection":[{"href":"http:\/\/www.sebastianludwig.net\/index.php?rest_route=\/wp\/v2\/pages"}],"about":[{"href":"http:\/\/www.sebastianludwig.net\/index.php?rest_route=\/wp\/v2\/types\/page"}],"author":[{"embeddable":true,"href":"http:\/\/www.sebastianludwig.net\/index.php?rest_route=\/wp\/v2\/users\/1"}],"replies":[{"embeddable":true,"href":"http:\/\/www.sebastianludwig.net\/index.php?rest_route=%2Fwp%2Fv2%2Fcomments&post=2"}],"version-history":[{"count":8,"href":"http:\/\/www.sebastianludwig.net\/index.php?rest_route=\/wp\/v2\/pages\/2\/revisions"}],"predecessor-version":[{"id":191,"href":"http:\/\/www.sebastianludwig.net\/index.php?rest_route=\/wp\/v2\/pages\/2\/revisions\/191"}],"wp:attachment":[{"href":"http:\/\/www.sebastianludwig.net\/index.php?rest_route=%2Fwp%2Fv2%2Fmedia&parent=2"}],"curies":[{"name":"wp","href":"https:\/\/api.w.org\/{rel}","templated":true}]}}