{"id":151,"date":"2017-11-23T11:53:00","date_gmt":"2017-11-23T10:53:00","guid":{"rendered":"http:\/\/www.sebastianludwig.net\/?page_id=151"},"modified":"2017-11-23T14:38:49","modified_gmt":"2017-11-23T13:38:49","slug":"discography","status":"publish","type":"page","link":"http:\/\/www.sebastianludwig.net\/?page_id=151","title":{"rendered":"Discography"},"content":{"rendered":"<ul>\n<li>\n<h6>The Blue Sisters &#8211; A Barrel Full of Blues (2017)<\/h6>\n<p><img loading=\"lazy\" class=\"alignnone size-thumbnail wp-image-157\" src=\"http:\/\/www.sebastianludwig.net\/wp-content\/uploads\/2017\/11\/blues-150x150.jpg\" alt=\"\" width=\"150\" height=\"150\" srcset=\"http:\/\/www.sebastianludwig.net\/wp-content\/uploads\/2017\/11\/blues-150x150.jpg 150w, http:\/\/www.sebastianludwig.net\/wp-content\/uploads\/2017\/11\/blues-300x300.jpg 300w, http:\/\/www.sebastianludwig.net\/wp-content\/uploads\/2017\/11\/blues.jpg 637w\" sizes=\"(max-width: 150px) 100vw, 150px\" \/><br \/>\n<em>Recording, Mixing, Songwriting<\/em><\/li>\n<li>\n<h6>LifveChords &#8211; Sentimental Journey (2016)<\/h6>\n<p><img loading=\"lazy\" class=\"alignnone size-thumbnail wp-image-153\" src=\"http:\/\/www.sebastianludwig.net\/wp-content\/uploads\/2017\/11\/SJ-Cover-150x150.jpg\" alt=\"\" width=\"150\" height=\"150\" \/><br \/>\n<em>Recording, Mixing, Songwriting, Guitars, Background Vocals<\/em><\/li>\n<li>\n<h6>Rayka Emm\u00e9 &#8211; Ich w\u00fcnsch Dir Was (2013), H\u00f6rbuch<\/h6>\n<p><img loading=\"lazy\" class=\"alignnone size-thumbnail wp-image-152\" src=\"http:\/\/www.sebastianludwig.net\/wp-content\/uploads\/2017\/11\/fragwas-150x150.jpg\" alt=\"\" width=\"150\" height=\"150\" srcset=\"http:\/\/www.sebastianludwig.net\/wp-content\/uploads\/2017\/11\/fragwas-150x150.jpg 150w, http:\/\/www.sebastianludwig.net\/wp-content\/uploads\/2017\/11\/fragwas-300x297.jpg 300w, http:\/\/www.sebastianludwig.net\/wp-content\/uploads\/2017\/11\/fragwas-303x300.jpg 303w, http:\/\/www.sebastianludwig.net\/wp-content\/uploads\/2017\/11\/fragwas.jpg 304w\" sizes=\"(max-width: 150px) 100vw, 150px\" \/><br \/>\n<em>Sound Effects\/Foley<\/em><\/li>\n<li>\n<h6>Influxx &#8211; A Million Miles (2009)<br \/>\n<img loading=\"lazy\" class=\"alignnone size-thumbnail wp-image-162\" src=\"http:\/\/www.sebastianludwig.net\/wp-content\/uploads\/2017\/11\/Influxx-150x150.jpg\" alt=\"\" width=\"150\" height=\"150\" srcset=\"http:\/\/www.sebastianludwig.net\/wp-content\/uploads\/2017\/11\/Influxx-150x150.jpg 150w, http:\/\/www.sebastianludwig.net\/wp-content\/uploads\/2017\/11\/Influxx-300x300.jpg 300w, http:\/\/www.sebastianludwig.net\/wp-content\/uploads\/2017\/11\/Influxx.jpg 617w\" sizes=\"(max-width: 150px) 100vw, 150px\" \/><\/h6>\n<p><em>Recording, Mixing, Songwriting, Guitars, Background Vocals<\/em><\/li>\n<li>\n<h6>Eclipse &#8211; Full Demo (2004)<br \/>\n<img loading=\"lazy\" class=\"alignnone size-thumbnail wp-image-178\" src=\"http:\/\/www.sebastianludwig.net\/wp-content\/uploads\/2017\/11\/nocover-150x150.jpg\" alt=\"\" width=\"150\" height=\"150\" \/><\/h6>\n<p><em>Recording, Mixing<\/em><\/li>\n<li>\n<h6>Eclipse &#8211; The Way U Feel (EP), Demo\u00a0 (2003)<br \/>\n<img loading=\"lazy\" class=\"alignnone size-thumbnail wp-image-160\" src=\"http:\/\/www.sebastianludwig.net\/wp-content\/uploads\/2017\/11\/wayufeel-150x150.jpg\" alt=\"\" width=\"150\" height=\"150\" srcset=\"http:\/\/www.sebastianludwig.net\/wp-content\/uploads\/2017\/11\/wayufeel-150x150.jpg 150w, http:\/\/www.sebastianludwig.net\/wp-content\/uploads\/2017\/11\/wayufeel-300x300.jpg 300w, http:\/\/www.sebastianludwig.net\/wp-content\/uploads\/2017\/11\/wayufeel.jpg 603w\" sizes=\"(max-width: 150px) 100vw, 150px\" \/><\/h6>\n<p><em>Recording, Mixing, Songwriting, Guitars, Background Vocals<\/em><\/li>\n<\/ul>\n","protected":false},"excerpt":{"rendered":"<p>The Blue Sisters &#8211; A Barrel Full of Blues (2017) Recording, Mixing, Songwriting LifveChords &#8211; Sentimental Journey (2016) Recording, Mixing, Songwriting, Guitars, Background Vocals Rayka Emm\u00e9 &#8211; Ich w\u00fcnsch Dir Was (2013), H\u00f6rbuch Sound Effects\/Foley Influxx &#8211; A Million Miles (2009) Recording, Mixing, Songwriting, Guitars, Background Vocals Eclipse &#8211; Full Demo (2004) Recording, Mixing Eclipse&#8230; <\/p>\n<div class=\"link-more\"><a href=\"http:\/\/www.sebastianludwig.net\/?page_id=151\">Weiterlesen<\/a><\/div>\n","protected":false},"author":1,"featured_media":0,"parent":87,"menu_order":0,"comment_status":"closed","ping_status":"closed","template":"","meta":[],"_links":{"self":[{"href":"http:\/\/www.sebastianludwig.net\/index.php?rest_route=\/wp\/v2\/pages\/151"}],"collection":[{"href":"http:\/\/www.sebastianludwig.net\/index.php?rest_route=\/wp\/v2\/pages"}],"about":[{"href":"http:\/\/www.sebastianludwig.net\/index.php?rest_route=\/wp\/v2\/types\/page"}],"author":[{"embeddable":true,"href":"http:\/\/www.sebastianludwig.net\/index.php?rest_route=\/wp\/v2\/users\/1"}],"replies":[{"embeddable":true,"href":"http:\/\/www.sebastianludwig.net\/index.php?rest_route=%2Fwp%2Fv2%2Fcomments&post=151"}],"version-history":[{"count":9,"href":"http:\/\/www.sebastianludwig.net\/index.php?rest_route=\/wp\/v2\/pages\/151\/revisions"}],"predecessor-version":[{"id":179,"href":"http:\/\/www.sebastianludwig.net\/index.php?rest_route=\/wp\/v2\/pages\/151\/revisions\/179"}],"up":[{"embeddable":true,"href":"http:\/\/www.sebastianludwig.net\/index.php?rest_route=\/wp\/v2\/pages\/87"}],"wp:attachment":[{"href":"http:\/\/www.sebastianludwig.net\/index.php?rest_route=%2Fwp%2Fv2%2Fmedia&parent=151"}],"curies":[{"name":"wp","href":"https:\/\/api.w.org\/{rel}","templated":true}]}}